{"id":2264,"date":"2019-06-22T18:26:44","date_gmt":"2019-06-22T18:26:44","guid":{"rendered":"https:\/\/wallacefountains.org\/fr\/?page_id=2264"},"modified":"2022-08-11T21:27:34","modified_gmt":"2022-08-11T21:27:34","slug":"cadeau-avec-don","status":"publish","type":"page","link":"https:\/\/wallacefountains.org\/fr\/cadeau-avec-don\/","title":{"rendered":"Cadeau Avec Don"},"content":{"rendered":"<p>[et_pb_section fb_built=&#8221;1&#8243; _builder_version=&#8221;4.16&#8243; custom_margin=&#8221;0px||0px|0px&#8221; custom_padding=&#8221;0px||0px|0px&#8221; global_colors_info=&#8221;{}&#8221;][et_pb_row _builder_version=&#8221;4.16&#8243; custom_margin=&#8221;|||0px&#8221; custom_padding=&#8221;|||0px&#8221; global_colors_info=&#8221;{}&#8221;][et_pb_column type=&#8221;4_4&#8243; _builder_version=&#8221;4.16&#8243; custom_padding=&#8221;|||&#8221; global_colors_info=&#8221;{}&#8221; custom_padding__hover=&#8221;|||&#8221;][et_pb_text _builder_version=&#8221;4.17.4&#8243; hover_enabled=&#8221;0&#8243; global_colors_info=&#8221;{}&#8221; sticky_enabled=&#8221;0&#8243;]<\/p>\n<p><img loading=\"lazy\" decoding=\"async\" class=\"size-full wp-image-2045 aligncenter\" src=\"http:\/\/wallacefountains.org\/fr\/wp-content\/uploads\/2019\/06\/GiftWithYourDonationFr.jpg\" alt=\"\" width=\"900\" height=\"407\" \/><\/p>\n<p style=\"font-size: 20px;\">Votre don \u00e0 la Soci\u00e9t\u00e9 des Fontaines Wallace est essentiel pour la poursuite de notre mission de pr\u00e9servation et de protection des fontaines Wallace pour les g\u00e9n\u00e9rations futures. Avec votre don de 25\u20ac ou plus, vous recevrez un exemplaire du guide <span style=\"font-decoration: italic; font-weight: bold; font-style: italic;\">Trouver les Fontaines Wallace Trouver Paris<\/span>. Compl\u00e9tez simplement le formulaire et utilisez PayPal pour traiter votre don. Nous vous remercions ! Les guides seront exp\u00e9di\u00e9s de Paris ou des \u00c9tats-Unis. Veuillez compter plusieurs semaines pour la livraison \u00e0 des adresses internationales.<\/p>\n<div class=\"_form_20\">\u00a0<\/div>\n<p><script src=\"https:\/\/wallacefountains.activehosted.com\/f\/embed.php?id=20\" type=\"text\/javascript\" charset=\"utf-8\"><\/script><\/p>\n<p>[\/et_pb_text][\/et_pb_column][\/et_pb_row][\/et_pb_section]<\/p>\n","protected":false},"excerpt":{"rendered":"<p>Votre don \u00e0 la Soci\u00e9t\u00e9 des Fontaines Wallace est essentiel pour la poursuite de notre mission de pr\u00e9servation et de protection des fontaines Wallace pour les g\u00e9n\u00e9rations futures. Avec votre don de 25\u20ac ou plus, vous recevrez un exemplaire du guide Trouver les Fontaines Wallace Trouver Paris. Compl\u00e9tez simplement le formulaire et utilisez PayPal pour [&hellip;]<\/p>\n","protected":false},"author":2,"featured_media":0,"parent":0,"menu_order":0,"comment_status":"closed","ping_status":"closed","template":"wallace-fountain-page-templateold.php","meta":{"_et_pb_use_builder":"on","_et_pb_old_content":"","_et_gb_content_width":"","footnotes":""},"class_list":["post-2264","page","type-page","status-publish","hentry"],"yoast_head":"<!-- This site is optimized with the Yoast SEO plugin v27.3 - https:\/\/yoast.com\/product\/yoast-seo-wordpress\/ -->\n<title>Cadeau Avec Don - Fontaines Wallace<\/title>\n<meta name=\"robots\" content=\"index, follow, max-snippet:-1, max-image-preview:large, max-video-preview:-1\" \/>\n<link rel=\"canonical\" href=\"https:\/\/wallacefountains.org\/fr\/cadeau-avec-don\/\" \/>\n<meta property=\"og:locale\" content=\"en_US\" \/>\n<meta property=\"og:type\" content=\"article\" \/>\n<meta property=\"og:title\" content=\"Cadeau Avec Don - Fontaines Wallace\" \/>\n<meta property=\"og:description\" content=\"Votre don \u00e0 la Soci\u00e9t\u00e9 des Fontaines Wallace est essentiel pour la poursuite de notre mission de pr\u00e9servation et de protection des fontaines Wallace pour les g\u00e9n\u00e9rations futures. Avec votre don de 25\u20ac ou plus, vous recevrez un exemplaire du guide Trouver les Fontaines Wallace Trouver Paris. Compl\u00e9tez simplement le formulaire et utilisez PayPal pour [&hellip;]\" \/>\n<meta property=\"og:url\" content=\"https:\/\/wallacefountains.org\/fr\/cadeau-avec-don\/\" \/>\n<meta property=\"og:site_name\" content=\"Fontaines Wallace\" \/>\n<meta property=\"article:modified_time\" content=\"2022-08-11T21:27:34+00:00\" \/>\n<meta property=\"og:image\" content=\"http:\/\/wallacefountains.org\/fr\/wp-content\/uploads\/2019\/06\/GiftWithYourDonationFr.jpg\" \/>\n<meta name=\"twitter:card\" content=\"summary_large_image\" \/>\n<meta name=\"twitter:label1\" content=\"Est. reading time\" \/>\n\t<meta name=\"twitter:data1\" content=\"1 minute\" \/>\n<script type=\"application\/ld+json\" class=\"yoast-schema-graph\">{\"@context\":\"https:\\\/\\\/schema.org\",\"@graph\":[{\"@type\":\"WebPage\",\"@id\":\"https:\\\/\\\/wallacefountains.org\\\/fr\\\/cadeau-avec-don\\\/\",\"url\":\"https:\\\/\\\/wallacefountains.org\\\/fr\\\/cadeau-avec-don\\\/\",\"name\":\"Cadeau Avec Don - Fontaines Wallace\",\"isPartOf\":{\"@id\":\"https:\\\/\\\/wallacefountains.org\\\/fr\\\/#website\"},\"primaryImageOfPage\":{\"@id\":\"https:\\\/\\\/wallacefountains.org\\\/fr\\\/cadeau-avec-don\\\/#primaryimage\"},\"image\":{\"@id\":\"https:\\\/\\\/wallacefountains.org\\\/fr\\\/cadeau-avec-don\\\/#primaryimage\"},\"thumbnailUrl\":\"http:\\\/\\\/wallacefountains.org\\\/fr\\\/wp-content\\\/uploads\\\/2019\\\/06\\\/GiftWithYourDonationFr.jpg\",\"datePublished\":\"2019-06-22T18:26:44+00:00\",\"dateModified\":\"2022-08-11T21:27:34+00:00\",\"breadcrumb\":{\"@id\":\"https:\\\/\\\/wallacefountains.org\\\/fr\\\/cadeau-avec-don\\\/#breadcrumb\"},\"inLanguage\":\"en-US\",\"potentialAction\":[{\"@type\":\"ReadAction\",\"target\":[\"https:\\\/\\\/wallacefountains.org\\\/fr\\\/cadeau-avec-don\\\/\"]}]},{\"@type\":\"ImageObject\",\"inLanguage\":\"en-US\",\"@id\":\"https:\\\/\\\/wallacefountains.org\\\/fr\\\/cadeau-avec-don\\\/#primaryimage\",\"url\":\"https:\\\/\\\/wallacefountains.org\\\/fr\\\/wp-content\\\/uploads\\\/2019\\\/06\\\/GiftWithYourDonationFr.jpg\",\"contentUrl\":\"https:\\\/\\\/wallacefountains.org\\\/fr\\\/wp-content\\\/uploads\\\/2019\\\/06\\\/GiftWithYourDonationFr.jpg\",\"width\":1143,\"height\":338},{\"@type\":\"BreadcrumbList\",\"@id\":\"https:\\\/\\\/wallacefountains.org\\\/fr\\\/cadeau-avec-don\\\/#breadcrumb\",\"itemListElement\":[{\"@type\":\"ListItem\",\"position\":1,\"name\":\"Home\",\"item\":\"https:\\\/\\\/wallacefountains.org\\\/fr\\\/\"},{\"@type\":\"ListItem\",\"position\":2,\"name\":\"Cadeau Avec Don\"}]},{\"@type\":\"WebSite\",\"@id\":\"https:\\\/\\\/wallacefountains.org\\\/fr\\\/#website\",\"url\":\"https:\\\/\\\/wallacefountains.org\\\/fr\\\/\",\"name\":\"Fontaines Wallace\",\"description\":\"\",\"potentialAction\":[{\"@type\":\"SearchAction\",\"target\":{\"@type\":\"EntryPoint\",\"urlTemplate\":\"https:\\\/\\\/wallacefountains.org\\\/fr\\\/?s={search_term_string}\"},\"query-input\":{\"@type\":\"PropertyValueSpecification\",\"valueRequired\":true,\"valueName\":\"search_term_string\"}}],\"inLanguage\":\"en-US\"}]}<\/script>\n<!-- \/ Yoast SEO plugin. -->","yoast_head_json":{"title":"Cadeau Avec Don - Fontaines Wallace","robots":{"index":"index","follow":"follow","max-snippet":"max-snippet:-1","max-image-preview":"max-image-preview:large","max-video-preview":"max-video-preview:-1"},"canonical":"https:\/\/wallacefountains.org\/fr\/cadeau-avec-don\/","og_locale":"en_US","og_type":"article","og_title":"Cadeau Avec Don - Fontaines Wallace","og_description":"Votre don \u00e0 la Soci\u00e9t\u00e9 des Fontaines Wallace est essentiel pour la poursuite de notre mission de pr\u00e9servation et de protection des fontaines Wallace pour les g\u00e9n\u00e9rations futures. Avec votre don de 25\u20ac ou plus, vous recevrez un exemplaire du guide Trouver les Fontaines Wallace Trouver Paris. Compl\u00e9tez simplement le formulaire et utilisez PayPal pour [&hellip;]","og_url":"https:\/\/wallacefountains.org\/fr\/cadeau-avec-don\/","og_site_name":"Fontaines Wallace","article_modified_time":"2022-08-11T21:27:34+00:00","og_image":[{"url":"http:\/\/wallacefountains.org\/fr\/wp-content\/uploads\/2019\/06\/GiftWithYourDonationFr.jpg","type":"","width":"","height":""}],"twitter_card":"summary_large_image","twitter_misc":{"Est. reading time":"1 minute"},"schema":{"@context":"https:\/\/schema.org","@graph":[{"@type":"WebPage","@id":"https:\/\/wallacefountains.org\/fr\/cadeau-avec-don\/","url":"https:\/\/wallacefountains.org\/fr\/cadeau-avec-don\/","name":"Cadeau Avec Don - Fontaines Wallace","isPartOf":{"@id":"https:\/\/wallacefountains.org\/fr\/#website"},"primaryImageOfPage":{"@id":"https:\/\/wallacefountains.org\/fr\/cadeau-avec-don\/#primaryimage"},"image":{"@id":"https:\/\/wallacefountains.org\/fr\/cadeau-avec-don\/#primaryimage"},"thumbnailUrl":"http:\/\/wallacefountains.org\/fr\/wp-content\/uploads\/2019\/06\/GiftWithYourDonationFr.jpg","datePublished":"2019-06-22T18:26:44+00:00","dateModified":"2022-08-11T21:27:34+00:00","breadcrumb":{"@id":"https:\/\/wallacefountains.org\/fr\/cadeau-avec-don\/#breadcrumb"},"inLanguage":"en-US","potentialAction":[{"@type":"ReadAction","target":["https:\/\/wallacefountains.org\/fr\/cadeau-avec-don\/"]}]},{"@type":"ImageObject","inLanguage":"en-US","@id":"https:\/\/wallacefountains.org\/fr\/cadeau-avec-don\/#primaryimage","url":"https:\/\/wallacefountains.org\/fr\/wp-content\/uploads\/2019\/06\/GiftWithYourDonationFr.jpg","contentUrl":"https:\/\/wallacefountains.org\/fr\/wp-content\/uploads\/2019\/06\/GiftWithYourDonationFr.jpg","width":1143,"height":338},{"@type":"BreadcrumbList","@id":"https:\/\/wallacefountains.org\/fr\/cadeau-avec-don\/#breadcrumb","itemListElement":[{"@type":"ListItem","position":1,"name":"Home","item":"https:\/\/wallacefountains.org\/fr\/"},{"@type":"ListItem","position":2,"name":"Cadeau Avec Don"}]},{"@type":"WebSite","@id":"https:\/\/wallacefountains.org\/fr\/#website","url":"https:\/\/wallacefountains.org\/fr\/","name":"Fontaines Wallace","description":"","potentialAction":[{"@type":"SearchAction","target":{"@type":"EntryPoint","urlTemplate":"https:\/\/wallacefountains.org\/fr\/?s={search_term_string}"},"query-input":{"@type":"PropertyValueSpecification","valueRequired":true,"valueName":"search_term_string"}}],"inLanguage":"en-US"}]}},"_links":{"self":[{"href":"https:\/\/wallacefountains.org\/fr\/wp-json\/wp\/v2\/pages\/2264","targetHints":{"allow":["GET"]}}],"collection":[{"href":"https:\/\/wallacefountains.org\/fr\/wp-json\/wp\/v2\/pages"}],"about":[{"href":"https:\/\/wallacefountains.org\/fr\/wp-json\/wp\/v2\/types\/page"}],"author":[{"embeddable":true,"href":"https:\/\/wallacefountains.org\/fr\/wp-json\/wp\/v2\/users\/2"}],"replies":[{"embeddable":true,"href":"https:\/\/wallacefountains.org\/fr\/wp-json\/wp\/v2\/comments?post=2264"}],"version-history":[{"count":4,"href":"https:\/\/wallacefountains.org\/fr\/wp-json\/wp\/v2\/pages\/2264\/revisions"}],"predecessor-version":[{"id":3130,"href":"https:\/\/wallacefountains.org\/fr\/wp-json\/wp\/v2\/pages\/2264\/revisions\/3130"}],"wp:attachment":[{"href":"https:\/\/wallacefountains.org\/fr\/wp-json\/wp\/v2\/media?parent=2264"}],"curies":[{"name":"wp","href":"https:\/\/api.w.org\/{rel}","templated":true}]}}