{"id":1916,"date":"2019-02-22T23:52:54","date_gmt":"2019-02-22T23:52:54","guid":{"rendered":"http:\/\/wallacefountains.org\/fr\/?page_id=1916"},"modified":"2024-01-31T21:25:40","modified_gmt":"2024-01-31T21:25:40","slug":"faire-un-don","status":"publish","type":"page","link":"https:\/\/wallacefountains.org\/fr\/faire-un-don\/","title":{"rendered":"Faire un Don"},"content":{"rendered":"<p>[et_pb_section fb_built=&#8221;1&#8243; _builder_version=&#8221;4.16&#8243; custom_margin=&#8221;0px||0px|0px&#8221; custom_padding=&#8221;0px||0px|0px&#8221; global_colors_info=&#8221;{}&#8221;][et_pb_row _builder_version=&#8221;4.16&#8243; custom_margin=&#8221;|||0px&#8221; custom_padding=&#8221;|||0px&#8221; global_colors_info=&#8221;{}&#8221;][et_pb_column type=&#8221;4_4&#8243; _builder_version=&#8221;4.16&#8243; custom_padding=&#8221;|||&#8221; global_colors_info=&#8221;{}&#8221; custom_padding__hover=&#8221;|||&#8221;][et_pb_text _builder_version=&#8221;4.23.1&#8243; global_colors_info=&#8221;{}&#8221;]<\/p>\n<p><img loading=\"lazy\" decoding=\"async\" class=\"size-full wp-image-2045 aligncenter\" src=\"http:\/\/wallacefountains.org\/fr\/wp-content\/uploads\/2019\/02\/Logo-Society-Donation-FR.jpg\" alt=\"\" width=\"900\" height=\"407\" \/><\/p>\n<p style=\"font-size: 20px;\">Votre don \u00e0 la Soci\u00e9t\u00e9 des Fontaines Wallace est essentiel pour poursuivre notre mission de pr\u00e9servation et de protection des fontaines Wallace pour les g\u00e9n\u00e9rations futures. Nous avons besoin de votre soutien. Les dons de toute taille sont les bienvenus.<\/p>\n<p style=\"font-size: 20px;\">Avec votre don au <strong>Fonds g\u00e9n\u00e9ral<\/strong> de \u20ac25 ou plus, vous recevrez en cadeau un exemplaire du guide, <em>Trouvez les fontaines Wallace Trouvez Paris.<\/em><\/p>\n<p style=\"font-size: 20px;\">Votre don au <strong>Fonds pour la statue de Richard Wallace<\/strong> contribuera \u00e0 la cr\u00e9ation et \u00e0 l&#8217;installation d&#8217;un monument comm\u00e9moratif au Ch\u00e2teau de Bagatelle en l&#8217;honneur de l&#8217;homme qui a fait don des fontaines \u00e0 Paris et qui a approt\u00e9 de nombreuses autres contributions culturelles et humanitaires.<\/p>\n<p style=\"font-size: 20px;\">Il vous suffit de remplir le formulaire ci-dessous, de d\u00e9signer votre don et d&#8217;utiliser PayPal pour traiter votre don. Merci !<\/p>\n<p style=\"font-weight: 800; font-size: 16px; color: #356659;\">La Soci\u00e9t\u00e9 des Fontaines Wallace est une association culturelle \u00e0 but non lucratif r\u00e9gie par la loi du 1er juillet 1901. Votre don peut donner lieu \u00e0 une r\u00e9duction d&#8217;imp\u00f4t en France.<\/p>\n<p><img loading=\"lazy\" decoding=\"async\" class=\"wp-image-3376 alignnone size-full\" src=\"http:\/\/wallacefountains.org\/fr\/wp-content\/uploads\/2024\/01\/DonationLine3.jpg\" alt=\"\" width=\"1147\" height=\"118\" \/><\/p>\n<div class=\"_form_9\" style=\"margin-top: -5%;\"><\/div>\n<p>&nbsp;<\/p>\n<p>&nbsp;<\/p>\n<p>&nbsp;<\/p>\n<p>&nbsp;<\/p>\n<p>&nbsp;<\/p>\n<p>&nbsp;<\/p>\n<p>&nbsp;<\/p>\n<p>&nbsp;<\/p>\n<p>&nbsp;<\/p>\n<p>&nbsp;<\/p>\n<p><center><\/p>\n<p>&nbsp;<\/p>\n<p>&nbsp;<\/p>\n<p>&nbsp;<\/p>\n<p>&nbsp;<\/p>\n<p>&nbsp;<\/p>\n<p>&nbsp;<\/p>\n<p>&nbsp;<\/p>\n<p>\n<script src=\"https:\/\/wallacefountains.activehosted.com\/f\/embed.php?id=9\" type=\"text\/javascript\" charset=\"utf-8\"><\/script>\n<\/p>\n<p>&nbsp;<\/p>\n<p>&nbsp;<\/p>\n<p>&nbsp;<\/p>\n<p>&nbsp;<\/p>\n<p>&nbsp;<\/p>\n<p>&nbsp;<\/p>\n<p><\/center><\/p>\n<p>&nbsp;<\/p>\n<p>&nbsp;<\/p>\n<p>&nbsp;<\/p>\n<p>&nbsp;<\/p>\n<p>&nbsp;<\/p>\n<p>&nbsp;<\/p>\n<p>&nbsp;<\/p>\n<p>&nbsp;<\/p>\n<p>&nbsp;<\/p>\n<p>&nbsp;<\/p>\n<p>[\/et_pb_text][\/et_pb_column][\/et_pb_row][\/et_pb_section]<\/p>\n","protected":false},"excerpt":{"rendered":"<p>Votre don \u00e0 la Soci\u00e9t\u00e9 des Fontaines Wallace est essentiel pour poursuivre notre mission de pr\u00e9servation et de protection des fontaines Wallace pour les g\u00e9n\u00e9rations futures. Nous avons besoin de votre soutien. Les dons de toute taille sont les bienvenus. Avec votre don au Fonds g\u00e9n\u00e9ral de \u20ac25 ou plus, vous recevrez en cadeau un [&hellip;]<\/p>\n","protected":false},"author":2,"featured_media":0,"parent":0,"menu_order":0,"comment_status":"closed","ping_status":"closed","template":"wallace-fountain-page-templateold.php","meta":{"_et_pb_use_builder":"on","_et_pb_old_content":"","_et_gb_content_width":"","footnotes":""},"class_list":["post-1916","page","type-page","status-publish","hentry"],"yoast_head":"<!-- This site is optimized with the Yoast SEO plugin v27.3 - https:\/\/yoast.com\/product\/yoast-seo-wordpress\/ -->\n<title>Faire un Don - Fontaines Wallace<\/title>\n<meta name=\"robots\" content=\"index, follow, max-snippet:-1, max-image-preview:large, max-video-preview:-1\" \/>\n<link rel=\"canonical\" href=\"https:\/\/wallacefountains.org\/fr\/faire-un-don\/\" \/>\n<meta property=\"og:locale\" content=\"en_US\" \/>\n<meta property=\"og:type\" content=\"article\" \/>\n<meta property=\"og:title\" content=\"Faire un Don - Fontaines Wallace\" \/>\n<meta property=\"og:description\" content=\"Votre don \u00e0 la Soci\u00e9t\u00e9 des Fontaines Wallace est essentiel pour poursuivre notre mission de pr\u00e9servation et de protection des fontaines Wallace pour les g\u00e9n\u00e9rations futures. Nous avons besoin de votre soutien. Les dons de toute taille sont les bienvenus. Avec votre don au Fonds g\u00e9n\u00e9ral de \u20ac25 ou plus, vous recevrez en cadeau un [&hellip;]\" \/>\n<meta property=\"og:url\" content=\"https:\/\/wallacefountains.org\/fr\/faire-un-don\/\" \/>\n<meta property=\"og:site_name\" content=\"Fontaines Wallace\" \/>\n<meta property=\"article:modified_time\" content=\"2024-01-31T21:25:40+00:00\" \/>\n<meta property=\"og:image\" content=\"http:\/\/wallacefountains.org\/fr\/wp-content\/uploads\/2019\/02\/Logo-Society-Donation-FR.jpg\" \/>\n<meta name=\"twitter:card\" content=\"summary_large_image\" \/>\n<meta name=\"twitter:label1\" content=\"Est. reading time\" \/>\n\t<meta name=\"twitter:data1\" content=\"2 minutes\" \/>\n<script type=\"application\/ld+json\" class=\"yoast-schema-graph\">{\"@context\":\"https:\\\/\\\/schema.org\",\"@graph\":[{\"@type\":\"WebPage\",\"@id\":\"https:\\\/\\\/wallacefountains.org\\\/fr\\\/faire-un-don\\\/\",\"url\":\"https:\\\/\\\/wallacefountains.org\\\/fr\\\/faire-un-don\\\/\",\"name\":\"Faire un Don - Fontaines Wallace\",\"isPartOf\":{\"@id\":\"https:\\\/\\\/wallacefountains.org\\\/fr\\\/#website\"},\"primaryImageOfPage\":{\"@id\":\"https:\\\/\\\/wallacefountains.org\\\/fr\\\/faire-un-don\\\/#primaryimage\"},\"image\":{\"@id\":\"https:\\\/\\\/wallacefountains.org\\\/fr\\\/faire-un-don\\\/#primaryimage\"},\"thumbnailUrl\":\"http:\\\/\\\/wallacefountains.org\\\/fr\\\/wp-content\\\/uploads\\\/2019\\\/02\\\/Logo-Society-Donation-FR.jpg\",\"datePublished\":\"2019-02-22T23:52:54+00:00\",\"dateModified\":\"2024-01-31T21:25:40+00:00\",\"breadcrumb\":{\"@id\":\"https:\\\/\\\/wallacefountains.org\\\/fr\\\/faire-un-don\\\/#breadcrumb\"},\"inLanguage\":\"en-US\",\"potentialAction\":[{\"@type\":\"ReadAction\",\"target\":[\"https:\\\/\\\/wallacefountains.org\\\/fr\\\/faire-un-don\\\/\"]}]},{\"@type\":\"ImageObject\",\"inLanguage\":\"en-US\",\"@id\":\"https:\\\/\\\/wallacefountains.org\\\/fr\\\/faire-un-don\\\/#primaryimage\",\"url\":\"https:\\\/\\\/wallacefountains.org\\\/fr\\\/wp-content\\\/uploads\\\/2019\\\/02\\\/Logo-Society-Donation-FR.jpg\",\"contentUrl\":\"https:\\\/\\\/wallacefountains.org\\\/fr\\\/wp-content\\\/uploads\\\/2019\\\/02\\\/Logo-Society-Donation-FR.jpg\",\"width\":1088,\"height\":288},{\"@type\":\"BreadcrumbList\",\"@id\":\"https:\\\/\\\/wallacefountains.org\\\/fr\\\/faire-un-don\\\/#breadcrumb\",\"itemListElement\":[{\"@type\":\"ListItem\",\"position\":1,\"name\":\"Home\",\"item\":\"https:\\\/\\\/wallacefountains.org\\\/fr\\\/\"},{\"@type\":\"ListItem\",\"position\":2,\"name\":\"Faire un Don\"}]},{\"@type\":\"WebSite\",\"@id\":\"https:\\\/\\\/wallacefountains.org\\\/fr\\\/#website\",\"url\":\"https:\\\/\\\/wallacefountains.org\\\/fr\\\/\",\"name\":\"Fontaines Wallace\",\"description\":\"\",\"potentialAction\":[{\"@type\":\"SearchAction\",\"target\":{\"@type\":\"EntryPoint\",\"urlTemplate\":\"https:\\\/\\\/wallacefountains.org\\\/fr\\\/?s={search_term_string}\"},\"query-input\":{\"@type\":\"PropertyValueSpecification\",\"valueRequired\":true,\"valueName\":\"search_term_string\"}}],\"inLanguage\":\"en-US\"}]}<\/script>\n<!-- \/ Yoast SEO plugin. -->","yoast_head_json":{"title":"Faire un Don - Fontaines Wallace","robots":{"index":"index","follow":"follow","max-snippet":"max-snippet:-1","max-image-preview":"max-image-preview:large","max-video-preview":"max-video-preview:-1"},"canonical":"https:\/\/wallacefountains.org\/fr\/faire-un-don\/","og_locale":"en_US","og_type":"article","og_title":"Faire un Don - Fontaines Wallace","og_description":"Votre don \u00e0 la Soci\u00e9t\u00e9 des Fontaines Wallace est essentiel pour poursuivre notre mission de pr\u00e9servation et de protection des fontaines Wallace pour les g\u00e9n\u00e9rations futures. Nous avons besoin de votre soutien. Les dons de toute taille sont les bienvenus. Avec votre don au Fonds g\u00e9n\u00e9ral de \u20ac25 ou plus, vous recevrez en cadeau un [&hellip;]","og_url":"https:\/\/wallacefountains.org\/fr\/faire-un-don\/","og_site_name":"Fontaines Wallace","article_modified_time":"2024-01-31T21:25:40+00:00","og_image":[{"url":"http:\/\/wallacefountains.org\/fr\/wp-content\/uploads\/2019\/02\/Logo-Society-Donation-FR.jpg","type":"","width":"","height":""}],"twitter_card":"summary_large_image","twitter_misc":{"Est. reading time":"2 minutes"},"schema":{"@context":"https:\/\/schema.org","@graph":[{"@type":"WebPage","@id":"https:\/\/wallacefountains.org\/fr\/faire-un-don\/","url":"https:\/\/wallacefountains.org\/fr\/faire-un-don\/","name":"Faire un Don - Fontaines Wallace","isPartOf":{"@id":"https:\/\/wallacefountains.org\/fr\/#website"},"primaryImageOfPage":{"@id":"https:\/\/wallacefountains.org\/fr\/faire-un-don\/#primaryimage"},"image":{"@id":"https:\/\/wallacefountains.org\/fr\/faire-un-don\/#primaryimage"},"thumbnailUrl":"http:\/\/wallacefountains.org\/fr\/wp-content\/uploads\/2019\/02\/Logo-Society-Donation-FR.jpg","datePublished":"2019-02-22T23:52:54+00:00","dateModified":"2024-01-31T21:25:40+00:00","breadcrumb":{"@id":"https:\/\/wallacefountains.org\/fr\/faire-un-don\/#breadcrumb"},"inLanguage":"en-US","potentialAction":[{"@type":"ReadAction","target":["https:\/\/wallacefountains.org\/fr\/faire-un-don\/"]}]},{"@type":"ImageObject","inLanguage":"en-US","@id":"https:\/\/wallacefountains.org\/fr\/faire-un-don\/#primaryimage","url":"https:\/\/wallacefountains.org\/fr\/wp-content\/uploads\/2019\/02\/Logo-Society-Donation-FR.jpg","contentUrl":"https:\/\/wallacefountains.org\/fr\/wp-content\/uploads\/2019\/02\/Logo-Society-Donation-FR.jpg","width":1088,"height":288},{"@type":"BreadcrumbList","@id":"https:\/\/wallacefountains.org\/fr\/faire-un-don\/#breadcrumb","itemListElement":[{"@type":"ListItem","position":1,"name":"Home","item":"https:\/\/wallacefountains.org\/fr\/"},{"@type":"ListItem","position":2,"name":"Faire un Don"}]},{"@type":"WebSite","@id":"https:\/\/wallacefountains.org\/fr\/#website","url":"https:\/\/wallacefountains.org\/fr\/","name":"Fontaines Wallace","description":"","potentialAction":[{"@type":"SearchAction","target":{"@type":"EntryPoint","urlTemplate":"https:\/\/wallacefountains.org\/fr\/?s={search_term_string}"},"query-input":{"@type":"PropertyValueSpecification","valueRequired":true,"valueName":"search_term_string"}}],"inLanguage":"en-US"}]}},"_links":{"self":[{"href":"https:\/\/wallacefountains.org\/fr\/wp-json\/wp\/v2\/pages\/1916","targetHints":{"allow":["GET"]}}],"collection":[{"href":"https:\/\/wallacefountains.org\/fr\/wp-json\/wp\/v2\/pages"}],"about":[{"href":"https:\/\/wallacefountains.org\/fr\/wp-json\/wp\/v2\/types\/page"}],"author":[{"embeddable":true,"href":"https:\/\/wallacefountains.org\/fr\/wp-json\/wp\/v2\/users\/2"}],"replies":[{"embeddable":true,"href":"https:\/\/wallacefountains.org\/fr\/wp-json\/wp\/v2\/comments?post=1916"}],"version-history":[{"count":5,"href":"https:\/\/wallacefountains.org\/fr\/wp-json\/wp\/v2\/pages\/1916\/revisions"}],"predecessor-version":[{"id":3390,"href":"https:\/\/wallacefountains.org\/fr\/wp-json\/wp\/v2\/pages\/1916\/revisions\/3390"}],"wp:attachment":[{"href":"https:\/\/wallacefountains.org\/fr\/wp-json\/wp\/v2\/media?parent=1916"}],"curies":[{"name":"wp","href":"https:\/\/api.w.org\/{rel}","templated":true}]}}