{"id":1248,"date":"2018-07-20T05:46:44","date_gmt":"2018-07-20T05:46:44","guid":{"rendered":"http:\/\/g6digitalmarketing.com\/fr\/\/?page_id=1248"},"modified":"2022-08-11T21:35:10","modified_gmt":"2022-08-11T21:35:10","slug":"relevez-le-defi","status":"publish","type":"page","link":"https:\/\/wallacefountains.org\/fr\/relevez-le-defi\/","title":{"rendered":"Relevez le d\u00e9fi"},"content":{"rendered":"<p>[et_pb_section fb_built=&#8221;1&#8243; _builder_version=&#8221;4.16&#8243; custom_margin=&#8221;0px||0px|0px&#8221; custom_padding=&#8221;0px||0px|0px&#8221; global_colors_info=&#8221;{}&#8221;][et_pb_row _builder_version=&#8221;4.16&#8243; custom_margin=&#8221;30px||35px|0px&#8221; custom_padding=&#8221;0px||0px|0px&#8221; global_colors_info=&#8221;{}&#8221;][et_pb_column type=&#8221;4_4&#8243; _builder_version=&#8221;4.16&#8243; custom_padding=&#8221;|||&#8221; global_colors_info=&#8221;{}&#8221; custom_padding__hover=&#8221;|||&#8221;][et_pb_text _builder_version=&#8221;4.16&#8243; custom_margin=&#8221;0px||0px|0px&#8221; custom_padding=&#8221;0px||0px|0px&#8221; global_colors_info=&#8221;{}&#8221;]<\/p>\n<p><img loading=\"lazy\" decoding=\"async\" class=\"size-full wp-image-2066 alignleft\" src=\"http:\/\/wallacefountains.org\/fr\/wp-content\/uploads\/2019\/02\/dottedline.jpg\" alt=\"\" width=\"1091\" height=\"29\" srcset=\"https:\/\/wallacefountains.org\/fr\/wp-content\/uploads\/2019\/02\/dottedline.jpg 1091w, https:\/\/wallacefountains.org\/fr\/wp-content\/uploads\/2019\/02\/dottedline-300x8.jpg 300w, https:\/\/wallacefountains.org\/fr\/wp-content\/uploads\/2019\/02\/dottedline-768x20.jpg 768w, https:\/\/wallacefountains.org\/fr\/wp-content\/uploads\/2019\/02\/dottedline-1024x27.jpg 1024w, https:\/\/wallacefountains.org\/fr\/wp-content\/uploads\/2019\/02\/dottedline-1080x29.jpg 1080w\" sizes=\"(max-width: 1091px) 100vw, 1091px\" \/><\/p>\n<p>[\/et_pb_text][\/et_pb_column][\/et_pb_row][et_pb_row disabled_on=&#8221;off|off|&#8221; _builder_version=&#8221;4.16&#8243; custom_margin=&#8221;0px|||0px&#8221; custom_padding=&#8221;0px|||0px&#8221; global_colors_info=&#8221;{}&#8221;][et_pb_column type=&#8221;4_4&#8243; _builder_version=&#8221;4.16&#8243; custom_padding=&#8221;|||&#8221; global_colors_info=&#8221;{}&#8221; custom_padding__hover=&#8221;|||&#8221;][et_pb_text _builder_version=&#8221;4.17.4&#8243; text_font_size=&#8221;16px&#8221; text_line_height=&#8221;1.8em&#8221; module_alignment=&#8221;left&#8221; custom_margin=&#8221;0px|||&#8221; custom_padding=&#8221;0px|||&#8221; hover_enabled=&#8221;0&#8243; global_colors_info=&#8221;{}&#8221; sticky_enabled=&#8221;0&#8243;]<\/p>\n<h2 class=\"main_content_hading\">Relevez le d\u00e9fi<\/h2>\n<p>Mettez-vous au d\u00e9fi, ainsi que votre famille ou un groupe d&#8217;amis, pour d\u00e9couvrir les 109 fontaines Wallace situ\u00e9es dans la ville de Paris. Peu l&#8217;ont fait et encore moins l\u2019ont document\u00e9, \u00e0 la fa\u00e7on des passionn\u00e9s d&#8217;observation d&#8217;oiseaux.<\/p>\n<p>Utilisez les 22 promenades guid\u00e9es pour trouver chaque fontaine Wallace ou localisez-les individuellement lorsque vous vous d\u00e9placez dans la ville \u00e0 d\u2019autres moments. Si la comp\u00e9tition vous motive, relevez des d\u00e9fis individuellement ou en \u00e9quipe et soyez le premier \u00e0 trouver les 109 fontaines. Chaque promenade peut aussi \u00eatre une sortie familiale agr\u00e9able, saine et peu co\u00fbteuse. Il y a d&#8217;innombrables fa\u00e7ons de rendre la recherche des fontaines amusante ! Alors, sortez, profitez des rues de Paris et voyez si vous pouvez trouver toutes les fontaines.<\/p>\n<p>T\u00e9l\u00e9chargez et compl\u00e9tez le tableau des fontaines Wallace pour documenter l&#8217;heure et la date \u00e0 laquelle vous avez trouv\u00e9 chaque fontaine. Une fois que vous avez document\u00e9 les 109 fontaines, joignez votre fiche compl\u00e9t\u00e9e au format PDF et envoyez-la avec votre message \u00e0 info@wallacefountains.org. Vous recevrez un certificat de r\u00e9ussite et deviendrez automatiquement un ami des fontaines.<\/p>\n<p>&nbsp;<\/p>\n<p><center><a style=\"-webkit-border-radius: 28; -moz-border-radius: 28; border-radius: 28px; font-family: Arial; color: #ffffff; font-size: 20px; background: #99B9AC; padding: 10px 20px 10px 20px; text-decoration: none; hover background: #00990a; hover background-image: linear-gradient(to bottom, #008000, #00990a);\" href=\"http:\/\/wallacefountains.org\/fr\/wp-content\/uploads\/2022\/06\/ChartWallaceFountains.pdf\" target=\"_blank\" rel=\"noopener\">T\u00e9l\u00e9chargez Votre Tableau<\/a><\/center><\/p>\n<p>&nbsp;<\/p>\n<p>[\/et_pb_text][\/et_pb_column][\/et_pb_row][\/et_pb_section][et_pb_section fb_built=&#8221;1&#8243; _builder_version=&#8221;3.0.106&#8243; custom_margin=&#8221;0px||0px|&#8221; custom_padding=&#8221;0px||0px|&#8221; global_module=&#8221;2357&#8243; global_colors_info=&#8221;{}&#8221;][et_pb_row _builder_version=&#8221;4.16&#8243; module_alignment=&#8221;left&#8221; custom_margin=&#8221;|||0px&#8221; custom_padding=&#8221;|||0px&#8221; global_colors_info=&#8221;{}&#8221;][et_pb_column type=&#8221;4_4&#8243; _builder_version=&#8221;4.16&#8243; custom_padding=&#8221;|||&#8221; global_colors_info=&#8221;{}&#8221; custom_padding__hover=&#8221;|||&#8221;][et_pb_text _builder_version=&#8221;4.16&#8243; custom_margin=&#8221;|||0px&#8221; custom_padding=&#8221;|||0px&#8221; global_colors_info=&#8221;{}&#8221;]<\/p>\n<div style=\"text-align: left;\"><img loading=\"lazy\" decoding=\"async\" class=\"alignnone size-full wp-image-2196\" src=\"http:\/\/wallacefountains.org\/fr\/wp-content\/uploads\/2020\/03\/dottedline-2.jpg\" alt=\"\" width=\"1091\" height=\"29\" \/><\/div>\n<p>[\/et_pb_text][\/et_pb_column][\/et_pb_row][et_pb_row column_structure=&#8221;1_2,1_2&#8243; disabled_on=&#8221;on|on|on&#8221; _builder_version=&#8221;4.16&#8243; module_alignment=&#8221;left&#8221; custom_margin=&#8221;-10px||0px|0px&#8221; custom_padding=&#8221;0px||0px|0px&#8221; disabled=&#8221;on&#8221; global_colors_info=&#8221;{}&#8221;][et_pb_column type=&#8221;1_2&#8243; _builder_version=&#8221;4.16&#8243; custom_padding=&#8221;|||&#8221; global_colors_info=&#8221;{}&#8221; custom_padding__hover=&#8221;|||&#8221;][et_pb_image src=&#8221;http:\/\/wallacefountains.org\/fr\/wp-content\/uploads\/2019\/02\/SFW_logotypeinfo_rgb.png&#8221; align_tablet=&#8221;center&#8221; align_phone=&#8221;&#8221; align_last_edited=&#8221;on|desktop&#8221; _builder_version=&#8221;4.16&#8243; max_width=&#8221;95%&#8221; module_alignment=&#8221;left&#8221; custom_margin=&#8221;0px||0px|0px&#8221; custom_padding=&#8221;0px||0px|0x&#8221; always_center_on_mobile=&#8221;on&#8221; global_colors_info=&#8221;{}&#8221;][\/et_pb_image][et_pb_text _builder_version=&#8221;4.16&#8243; custom_margin=&#8221;0px|||&#8221; custom_padding=&#8221;22px|||&#8221; global_colors_info=&#8221;{}&#8221;]<\/p>\n<p style=\"font-size: 11px;\">Association governed by the law of July 1, 1901.<\/p>\n<p>[\/et_pb_text][\/et_pb_column][et_pb_column type=&#8221;1_2&#8243; _builder_version=&#8221;4.16&#8243; custom_padding=&#8221;|||&#8221; global_colors_info=&#8221;{}&#8221; custom_padding__hover=&#8221;|||&#8221;][et_pb_text _builder_version=&#8221;4.16&#8243; global_colors_info=&#8221;{}&#8221;]<\/p>\n<p style=\"text-align: left;\"><a style=\"text-align: center; font-size: 16px; color: gray;\" href=\" https:\/\/wallacefountains.org\/privacy-policy\/\">PRIVACY POLICY<\/a><\/p>\n<p>[\/et_pb_text][et_pb_text _builder_version=&#8221;4.16&#8243; custom_margin=&#8221;-10vw|||&#8221; custom_padding=&#8221;|||13vw&#8221; global_colors_info=&#8221;{}&#8221;]<\/p>\n<p><img loading=\"lazy\" decoding=\"async\" class=\"alignnone size-full wp-image-2428\" src=\"http:\/\/wallacefountains.org\/fr\/wp-content\/uploads\/2020\/03\/logo-GHM_fond-blanc.jpg\" alt=\"\" width=\"73\" height=\"35\" \/><\/p>\n<p>[\/et_pb_text][\/et_pb_column][\/et_pb_row][et_pb_row disabled_on=&#8221;off|off|on&#8221; _builder_version=&#8221;4.16&#8243; _module_preset=&#8221;default&#8221; global_colors_info=&#8221;{}&#8221;][et_pb_column type=&#8221;4_4&#8243; _builder_version=&#8221;4.16&#8243; _module_preset=&#8221;default&#8221; global_colors_info=&#8221;{}&#8221;][et_pb_image src=&#8221;http:\/\/wallacefountains.org\/fr\/wp-content\/uploads\/2019\/02\/SFW_logotypeinfo_rgb.png&#8221; align_tablet=&#8221;center&#8221; align_phone=&#8221;&#8221; align_last_edited=&#8221;on|desktop&#8221; _builder_version=&#8221;4.16&#8243; max_width=&#8221;95%&#8221; module_alignment=&#8221;left&#8221; custom_margin=&#8221;0px||0px|0px&#8221; custom_padding=&#8221;0px||0px|0x&#8221; always_center_on_mobile=&#8221;on&#8221; global_colors_info=&#8221;{}&#8221;][\/et_pb_image][et_pb_text _builder_version=&#8221;4.16&#8243; custom_margin=&#8221;0px|||&#8221; custom_padding=&#8221;22px|||&#8221; global_colors_info=&#8221;{}&#8221;]<\/p>\n<p style=\"font-size: 11px;\">Association governed by the law of July 1, 1901.<\/p>\n<p>[\/et_pb_text][et_pb_text _builder_version=&#8221;4.16&#8243; custom_margin=&#8221;3vw|0px||0.1vw|false|false&#8221; global_colors_info=&#8221;{}&#8221;]<\/p>\n<p>\u00a0<center>Assistance Fournie par<br \/><a href=\"https:\/\/www.ghm.fr\/fr\/produits\/item\/28-fontaines-intemporelles\/172-wallace-fontaine?pid=\" target=\"_blank\" rel=\"noreferrer noopener\"><img loading=\"lazy\" decoding=\"async\" class=\"alignnone  wp-image-2395\" src=\"http:\/\/wallacefountains.org\/fr\/wp-content\/uploads\/2020\/03\/logo-GHM_fond-blanc.jpg\" alt=\"\" width=\"83\" height=\"39\" \/>\u00a0\u00a0<\/a> <a href=\"http:\/\/www.eaudeparis.fr\" target=\"_blank\" rel=\"noreferrer noopener\"><img loading=\"lazy\" decoding=\"async\" class=\"wp-image-3043 alignnone \" src=\"http:\/\/wallacefountains.org\/fr\/wp-content\/uploads\/2022\/05\/eaudeparis.png\" alt=\"\" width=\"89\" height=\"58\" \/>\u00a0\u00a0<\/a><\/center><\/p>\n<p>[\/et_pb_text][\/et_pb_column][\/et_pb_row][et_pb_row column_structure=&#8221;1_2,1_4,1_4&#8243; disabled_on=&#8221;on|on|off&#8221; module_class=&#8221;footer_hide&#8221; _builder_version=&#8221;4.16&#8243; module_alignment=&#8221;left&#8221; custom_padding=&#8221;0px||0px|&#8221; global_colors_info=&#8221;{}&#8221;][et_pb_column type=&#8221;1_2&#8243; _builder_version=&#8221;4.16&#8243; custom_padding=&#8221;|||&#8221; global_colors_info=&#8221;{}&#8221; custom_padding__hover=&#8221;|||&#8221;][et_pb_image src=&#8221;http:\/\/wallacefountains.org\/fr\/wp-content\/uploads\/2019\/02\/SFW_logotypeinfo_rgb.png&#8221; align_tablet=&#8221;center&#8221; align_phone=&#8221;&#8221; align_last_edited=&#8221;on|desktop&#8221; _builder_version=&#8221;4.16&#8243; max_width=&#8221;95%&#8221; module_alignment=&#8221;left&#8221; custom_margin=&#8221;0px||0px|0px&#8221; custom_padding=&#8221;0px||0px|0x&#8221; always_center_on_mobile=&#8221;on&#8221; global_colors_info=&#8221;{}&#8221;][\/et_pb_image][et_pb_text _builder_version=&#8221;4.16&#8243; custom_margin=&#8221;0px|||&#8221; custom_padding=&#8221;22px|||&#8221; global_colors_info=&#8221;{}&#8221;]<\/p>\n<p style=\"font-size: 11px;\">Association governed by the law of July 1, 1901.<\/p>\n<p>[\/et_pb_text][\/et_pb_column][et_pb_column type=&#8221;1_4&#8243; _builder_version=&#8221;4.16&#8243; custom_padding=&#8221;|||&#8221; global_colors_info=&#8221;{}&#8221; custom_padding__hover=&#8221;|||&#8221;][\/et_pb_column][et_pb_column type=&#8221;1_4&#8243; _builder_version=&#8221;4.16&#8243; custom_padding=&#8221;|||&#8221; global_colors_info=&#8221;{}&#8221; custom_padding__hover=&#8221;|||&#8221;][et_pb_text _builder_version=&#8221;4.16&#8243; custom_margin=&#8221;1.5vw|0px||0.1vw|false|false&#8221; global_colors_info=&#8221;{}&#8221;]<\/p>\n<p><center>Assistance Fournie par<br \/><a href=\"https:\/\/www.ghm.fr\/fr\/produits\/item\/28-fontaines-intemporelles\/172-wallace-fontaine?pid=\" target=\"_blank\" rel=\"noreferrer noopener\"><img loading=\"lazy\" decoding=\"async\" class=\"alignnone  wp-image-2395\" src=\"http:\/\/wallacefountains.org\/fr\/wp-content\/uploads\/2020\/03\/logo-GHM_fond-blanc.jpg\" alt=\"\" width=\"70\" height=\"33\" \/>\u00a0\u00a0<\/a> <a href=\"http:\/\/www.eaudeparis.fr\" target=\"_blank\" rel=\"noreferrer noopener\"><img loading=\"lazy\" decoding=\"async\" class=\"wp-image-3043 alignnone \" src=\"http:\/\/wallacefountains.org\/fr\/wp-content\/uploads\/2022\/05\/eaudeparis.png\" alt=\"\" width=\"77\" height=\"50\" \/>\u00a0\u00a0<\/a><\/center><\/p>\n<p>[\/et_pb_text][\/et_pb_column][\/et_pb_row][et_pb_row column_structure=&#8221;1_3,1_3,1_3&#8243; use_custom_gutter=&#8221;on&#8221; gutter_width=&#8221;1&#8243; disabled_on=&#8221;on|on|&#8221; _builder_version=&#8221;4.16&#8243; module_alignment=&#8221;left&#8221; global_colors_info=&#8221;{}&#8221;][et_pb_column type=&#8221;1_3&#8243; _builder_version=&#8221;4.16&#8243; custom_padding=&#8221;|||&#8221; global_colors_info=&#8221;{}&#8221; custom_padding__hover=&#8221;|||&#8221;][et_pb_text _builder_version=&#8221;4.16&#8243; custom_margin=&#8221;0px|||&#8221; custom_padding=&#8221;0px|||&#8221; global_colors_info=&#8221;{}&#8221;]<\/p>\n<p style=\"font-size: 11px; text-align: left;\">\u00a9 La Soci\u00e9t\u00e9 des Fontaines Wallace <script type=\"text\/javascript\">now=new Date();year=now.getFullYear();<\/script><script type=\"text\/javascript\">document.write(year);<\/script><br \/>All rights reserved.<\/p>\n<p>[\/et_pb_text][\/et_pb_column][et_pb_column type=&#8221;1_3&#8243; _builder_version=&#8221;4.16&#8243; custom_padding=&#8221;|||&#8221; global_colors_info=&#8221;{}&#8221; custom_padding__hover=&#8221;|||&#8221;][et_pb_text _builder_version=&#8221;4.16&#8243; custom_margin=&#8221;0px|||&#8221; custom_padding=&#8221;0px|||&#8221; global_colors_info=&#8221;{}&#8221;]<\/p>\n<p style=\"text-align: center;\"><a style=\"text-align: left; font-size: 16px; color: gray;\" href=\" https:\/\/wallacefountains.org\/privacy-policy\/\">PRIVACY POLICY<\/a><\/p>\n<p>[\/et_pb_text][\/et_pb_column][et_pb_column type=&#8221;1_3&#8243; _builder_version=&#8221;4.16&#8243; custom_padding=&#8221;|||&#8221; global_colors_info=&#8221;{}&#8221; custom_padding__hover=&#8221;|||&#8221;][et_pb_text _builder_version=&#8221;4.16&#8243; custom_margin=&#8221;||||false|false&#8221; global_colors_info=&#8221;{}&#8221;]<\/p>\n<p style=\"text-align: right;\">Web Design by <a style=\"color: gray;\" href=\"https:\/\/g6webservices.com\" target=\"_blank\" rel=\"noopener\">G6 Web Services<\/a><\/p>\n<p>[\/et_pb_text][\/et_pb_column][\/et_pb_row][et_pb_row disabled_on=&#8221;||on&#8221; _builder_version=&#8221;4.16&#8243; module_alignment=&#8221;left&#8221; custom_margin=&#8221;|auto|-18px|auto||&#8221; global_colors_info=&#8221;{}&#8221;][et_pb_column type=&#8221;4_4&#8243; _builder_version=&#8221;4.16&#8243; custom_padding=&#8221;|||&#8221; global_colors_info=&#8221;{}&#8221; custom_padding__hover=&#8221;|||&#8221;][et_pb_text _builder_version=&#8221;4.16&#8243; custom_margin=&#8221;0px||3px|||&#8221; custom_padding=&#8221;0px|||&#8221; global_colors_info=&#8221;{}&#8221;]<\/p>\n<p style=\"font-size: 11px; text-align: center;\">\u00a9 La Soci\u00e9t\u00e9 des Fontaines Wallace <script type=\"text\/javascript\">now=new Date();year=now.getFullYear();<\/script><script type=\"text\/javascript\">document.write(year);<\/script> All rights reserved.<\/p>\n<p>[\/et_pb_text][et_pb_text _builder_version=&#8221;4.16&#8243; custom_margin=&#8221;0px||7px|||&#8221; custom_padding=&#8221;0px|||&#8221; global_colors_info=&#8221;{}&#8221;]<\/p>\n<p style=\"text-align: center;\"><a style=\"text-align: left; font-size: 16px; color: gray;\" href=\" https:\/\/wallacefountains.org\/privacy-policy\/\">PRIVACY POLICY<\/a><\/p>\n<p>[\/et_pb_text][et_pb_text _builder_version=&#8221;4.16&#8243; global_colors_info=&#8221;{}&#8221;]<\/p>\n<p style=\"text-align: center;\">Web Design by <a style=\"color: gray;\" href=\"https:\/\/g6webservices.com\" target=\"_blank\" rel=\"noopener\">G6 Web Services<\/a><\/p>\n<p>[\/et_pb_text][\/et_pb_column][\/et_pb_row][et_pb_row column_structure=&#8221;1_4,1_2,1_4&#8243; _builder_version=&#8221;4.16&#8243; background_size=&#8221;initial&#8221; background_position=&#8221;top_left&#8221; background_repeat=&#8221;repeat&#8221; module_alignment=&#8221;left&#8221; custom_margin=&#8221;0px|||&#8221; custom_padding=&#8221;0px|||&#8221; global_colors_info=&#8221;{}&#8221;][et_pb_column type=&#8221;1_4&#8243; _builder_version=&#8221;4.16&#8243; custom_padding=&#8221;|||&#8221; global_colors_info=&#8221;{}&#8221; custom_padding__hover=&#8221;|||&#8221;][et_pb_text _builder_version=&#8221;4.16&#8243; custom_margin=&#8221;||-4px|||&#8221; custom_padding=&#8221;0px|||||&#8221; global_colors_info=&#8221;{}&#8221;]<\/p>\n<div class=\"images-container\"><a href=\"https:\/\/twitter.com\/wallacefountain?lang=fr\"><img loading=\"lazy\" decoding=\"async\" class=\"alignnone size-full wp-image-2675\" src=\"https:\/\/wallacefountains.org\/wp-content\/uploads\/2021\/08\/twitterico.png\" alt=\"\" width=\"25\" height=\"25\" \/><\/a>\u00a0\u00a0<a href=\"https:\/\/www.instagram.com\/wallacefountains\/\"><img loading=\"lazy\" decoding=\"async\" class=\"alignnone size-full wp-image-2674\" src=\"https:\/\/wallacefountains.org\/wp-content\/uploads\/2021\/08\/instagramico.png\" alt=\"\" width=\"25\" height=\"25\" \/><\/a>\u00a0\u00a0\u00a0<a href=\"https:\/\/www.linkedin.com\/in\/the-society-of-the-wallace-fountains-793a16210\/\"><img loading=\"lazy\" decoding=\"async\" class=\"alignnone size-full wp-image-2673\" src=\"https:\/\/wallacefountains.org\/wp-content\/uploads\/2021\/08\/LIico.png\" alt=\"\" width=\"25\" height=\"25\" \/><\/a> <a href=\"https:\/\/www.facebook.com\/The-Society-of-the-Wallace-Fountains-108047168099418\/?hc_ref=ARQ84cea5OtR3u_nvv5N-EBsbdIbs8B-Nake-TF8RmBi8fowQxmALLp2hXurQ38VGqI&amp;fref=nf\"><img loading=\"lazy\" decoding=\"async\" class=\"alignnone size-full wp-image-2676\" src=\"https:\/\/wallacefountains.org\/wp-content\/uploads\/2021\/08\/Facebookico.png\" alt=\"\" width=\"25\" height=\"25\" \/><\/a><\/div>\n<p>[\/et_pb_text][\/et_pb_column][et_pb_column type=&#8221;1_2&#8243; _builder_version=&#8221;4.16&#8243; custom_padding=&#8221;0px|||&#8221; global_colors_info=&#8221;{}&#8221; custom_padding__hover=&#8221;|||&#8221;][\/et_pb_column][et_pb_column type=&#8221;1_4&#8243; _builder_version=&#8221;4.16&#8243; custom_padding=&#8221;|||&#8221; global_colors_info=&#8221;{}&#8221; custom_padding__hover=&#8221;|||&#8221;][\/et_pb_column][\/et_pb_row][\/et_pb_section]<\/p>\n","protected":false},"excerpt":{"rendered":"<p>Relevez le d\u00e9fi Mettez-vous au d\u00e9fi, ainsi que votre famille ou un groupe d&#8217;amis, pour d\u00e9couvrir les 109 fontaines Wallace situ\u00e9es dans la ville de Paris. Peu l&#8217;ont fait et encore moins l\u2019ont document\u00e9, \u00e0 la fa\u00e7on des passionn\u00e9s d&#8217;observation d&#8217;oiseaux. Utilisez les 22 promenades guid\u00e9es pour trouver chaque fontaine Wallace ou localisez-les individuellement lorsque [&hellip;]<\/p>\n","protected":false},"author":2,"featured_media":0,"parent":0,"menu_order":0,"comment_status":"closed","ping_status":"closed","template":"wallace-fountain-page-templateold.php","meta":{"_et_pb_use_builder":"on","_et_pb_old_content":"","_et_gb_content_width":"","footnotes":""},"class_list":["post-1248","page","type-page","status-publish","hentry"],"yoast_head":"<!-- This site is optimized with the Yoast SEO plugin v27.3 - https:\/\/yoast.com\/product\/yoast-seo-wordpress\/ -->\n<title>Relevez le d\u00e9fi - Fontaines Wallace<\/title>\n<meta name=\"robots\" content=\"index, follow, max-snippet:-1, max-image-preview:large, max-video-preview:-1\" \/>\n<link rel=\"canonical\" href=\"https:\/\/wallacefountains.org\/fr\/relevez-le-defi\/\" \/>\n<meta property=\"og:locale\" content=\"en_US\" \/>\n<meta property=\"og:type\" content=\"article\" \/>\n<meta property=\"og:title\" content=\"Relevez le d\u00e9fi - Fontaines Wallace\" \/>\n<meta property=\"og:description\" content=\"Relevez le d\u00e9fi Mettez-vous au d\u00e9fi, ainsi que votre famille ou un groupe d&#039;amis, pour d\u00e9couvrir les 109 fontaines Wallace situ\u00e9es dans la ville de Paris. Peu l&#039;ont fait et encore moins l\u2019ont document\u00e9, \u00e0 la fa\u00e7on des passionn\u00e9s d&#039;observation d&#039;oiseaux. Utilisez les 22 promenades guid\u00e9es pour trouver chaque fontaine Wallace ou localisez-les individuellement lorsque [&hellip;]\" \/>\n<meta property=\"og:url\" content=\"https:\/\/wallacefountains.org\/fr\/relevez-le-defi\/\" \/>\n<meta property=\"og:site_name\" content=\"Fontaines Wallace\" \/>\n<meta property=\"article:modified_time\" content=\"2022-08-11T21:35:10+00:00\" \/>\n<meta property=\"og:image\" content=\"http:\/\/wallacefountains.org\/fr\/wp-content\/uploads\/2019\/02\/dottedline.jpg\" \/>\n<meta name=\"twitter:card\" content=\"summary_large_image\" \/>\n<meta name=\"twitter:label1\" content=\"Est. reading time\" \/>\n\t<meta name=\"twitter:data1\" content=\"6 minutes\" \/>\n<script type=\"application\/ld+json\" class=\"yoast-schema-graph\">{\"@context\":\"https:\\\/\\\/schema.org\",\"@graph\":[{\"@type\":\"WebPage\",\"@id\":\"https:\\\/\\\/wallacefountains.org\\\/fr\\\/relevez-le-defi\\\/\",\"url\":\"https:\\\/\\\/wallacefountains.org\\\/fr\\\/relevez-le-defi\\\/\",\"name\":\"Relevez le d\u00e9fi - Fontaines Wallace\",\"isPartOf\":{\"@id\":\"https:\\\/\\\/wallacefountains.org\\\/fr\\\/#website\"},\"primaryImageOfPage\":{\"@id\":\"https:\\\/\\\/wallacefountains.org\\\/fr\\\/relevez-le-defi\\\/#primaryimage\"},\"image\":{\"@id\":\"https:\\\/\\\/wallacefountains.org\\\/fr\\\/relevez-le-defi\\\/#primaryimage\"},\"thumbnailUrl\":\"http:\\\/\\\/wallacefountains.org\\\/fr\\\/wp-content\\\/uploads\\\/2019\\\/02\\\/dottedline.jpg\",\"datePublished\":\"2018-07-20T05:46:44+00:00\",\"dateModified\":\"2022-08-11T21:35:10+00:00\",\"breadcrumb\":{\"@id\":\"https:\\\/\\\/wallacefountains.org\\\/fr\\\/relevez-le-defi\\\/#breadcrumb\"},\"inLanguage\":\"en-US\",\"potentialAction\":[{\"@type\":\"ReadAction\",\"target\":[\"https:\\\/\\\/wallacefountains.org\\\/fr\\\/relevez-le-defi\\\/\"]}]},{\"@type\":\"ImageObject\",\"inLanguage\":\"en-US\",\"@id\":\"https:\\\/\\\/wallacefountains.org\\\/fr\\\/relevez-le-defi\\\/#primaryimage\",\"url\":\"https:\\\/\\\/wallacefountains.org\\\/fr\\\/wp-content\\\/uploads\\\/2019\\\/02\\\/dottedline.jpg\",\"contentUrl\":\"https:\\\/\\\/wallacefountains.org\\\/fr\\\/wp-content\\\/uploads\\\/2019\\\/02\\\/dottedline.jpg\",\"width\":1091,\"height\":29},{\"@type\":\"BreadcrumbList\",\"@id\":\"https:\\\/\\\/wallacefountains.org\\\/fr\\\/relevez-le-defi\\\/#breadcrumb\",\"itemListElement\":[{\"@type\":\"ListItem\",\"position\":1,\"name\":\"Home\",\"item\":\"https:\\\/\\\/wallacefountains.org\\\/fr\\\/\"},{\"@type\":\"ListItem\",\"position\":2,\"name\":\"Relevez le d\u00e9fi\"}]},{\"@type\":\"WebSite\",\"@id\":\"https:\\\/\\\/wallacefountains.org\\\/fr\\\/#website\",\"url\":\"https:\\\/\\\/wallacefountains.org\\\/fr\\\/\",\"name\":\"Fontaines Wallace\",\"description\":\"\",\"potentialAction\":[{\"@type\":\"SearchAction\",\"target\":{\"@type\":\"EntryPoint\",\"urlTemplate\":\"https:\\\/\\\/wallacefountains.org\\\/fr\\\/?s={search_term_string}\"},\"query-input\":{\"@type\":\"PropertyValueSpecification\",\"valueRequired\":true,\"valueName\":\"search_term_string\"}}],\"inLanguage\":\"en-US\"}]}<\/script>\n<!-- \/ Yoast SEO plugin. -->","yoast_head_json":{"title":"Relevez le d\u00e9fi - Fontaines Wallace","robots":{"index":"index","follow":"follow","max-snippet":"max-snippet:-1","max-image-preview":"max-image-preview:large","max-video-preview":"max-video-preview:-1"},"canonical":"https:\/\/wallacefountains.org\/fr\/relevez-le-defi\/","og_locale":"en_US","og_type":"article","og_title":"Relevez le d\u00e9fi - Fontaines Wallace","og_description":"Relevez le d\u00e9fi Mettez-vous au d\u00e9fi, ainsi que votre famille ou un groupe d'amis, pour d\u00e9couvrir les 109 fontaines Wallace situ\u00e9es dans la ville de Paris. Peu l'ont fait et encore moins l\u2019ont document\u00e9, \u00e0 la fa\u00e7on des passionn\u00e9s d'observation d'oiseaux. Utilisez les 22 promenades guid\u00e9es pour trouver chaque fontaine Wallace ou localisez-les individuellement lorsque [&hellip;]","og_url":"https:\/\/wallacefountains.org\/fr\/relevez-le-defi\/","og_site_name":"Fontaines Wallace","article_modified_time":"2022-08-11T21:35:10+00:00","og_image":[{"url":"http:\/\/wallacefountains.org\/fr\/wp-content\/uploads\/2019\/02\/dottedline.jpg","type":"","width":"","height":""}],"twitter_card":"summary_large_image","twitter_misc":{"Est. reading time":"6 minutes"},"schema":{"@context":"https:\/\/schema.org","@graph":[{"@type":"WebPage","@id":"https:\/\/wallacefountains.org\/fr\/relevez-le-defi\/","url":"https:\/\/wallacefountains.org\/fr\/relevez-le-defi\/","name":"Relevez le d\u00e9fi - Fontaines Wallace","isPartOf":{"@id":"https:\/\/wallacefountains.org\/fr\/#website"},"primaryImageOfPage":{"@id":"https:\/\/wallacefountains.org\/fr\/relevez-le-defi\/#primaryimage"},"image":{"@id":"https:\/\/wallacefountains.org\/fr\/relevez-le-defi\/#primaryimage"},"thumbnailUrl":"http:\/\/wallacefountains.org\/fr\/wp-content\/uploads\/2019\/02\/dottedline.jpg","datePublished":"2018-07-20T05:46:44+00:00","dateModified":"2022-08-11T21:35:10+00:00","breadcrumb":{"@id":"https:\/\/wallacefountains.org\/fr\/relevez-le-defi\/#breadcrumb"},"inLanguage":"en-US","potentialAction":[{"@type":"ReadAction","target":["https:\/\/wallacefountains.org\/fr\/relevez-le-defi\/"]}]},{"@type":"ImageObject","inLanguage":"en-US","@id":"https:\/\/wallacefountains.org\/fr\/relevez-le-defi\/#primaryimage","url":"https:\/\/wallacefountains.org\/fr\/wp-content\/uploads\/2019\/02\/dottedline.jpg","contentUrl":"https:\/\/wallacefountains.org\/fr\/wp-content\/uploads\/2019\/02\/dottedline.jpg","width":1091,"height":29},{"@type":"BreadcrumbList","@id":"https:\/\/wallacefountains.org\/fr\/relevez-le-defi\/#breadcrumb","itemListElement":[{"@type":"ListItem","position":1,"name":"Home","item":"https:\/\/wallacefountains.org\/fr\/"},{"@type":"ListItem","position":2,"name":"Relevez le d\u00e9fi"}]},{"@type":"WebSite","@id":"https:\/\/wallacefountains.org\/fr\/#website","url":"https:\/\/wallacefountains.org\/fr\/","name":"Fontaines Wallace","description":"","potentialAction":[{"@type":"SearchAction","target":{"@type":"EntryPoint","urlTemplate":"https:\/\/wallacefountains.org\/fr\/?s={search_term_string}"},"query-input":{"@type":"PropertyValueSpecification","valueRequired":true,"valueName":"search_term_string"}}],"inLanguage":"en-US"}]}},"_links":{"self":[{"href":"https:\/\/wallacefountains.org\/fr\/wp-json\/wp\/v2\/pages\/1248","targetHints":{"allow":["GET"]}}],"collection":[{"href":"https:\/\/wallacefountains.org\/fr\/wp-json\/wp\/v2\/pages"}],"about":[{"href":"https:\/\/wallacefountains.org\/fr\/wp-json\/wp\/v2\/types\/page"}],"author":[{"embeddable":true,"href":"https:\/\/wallacefountains.org\/fr\/wp-json\/wp\/v2\/users\/2"}],"replies":[{"embeddable":true,"href":"https:\/\/wallacefountains.org\/fr\/wp-json\/wp\/v2\/comments?post=1248"}],"version-history":[{"count":5,"href":"https:\/\/wallacefountains.org\/fr\/wp-json\/wp\/v2\/pages\/1248\/revisions"}],"predecessor-version":[{"id":3136,"href":"https:\/\/wallacefountains.org\/fr\/wp-json\/wp\/v2\/pages\/1248\/revisions\/3136"}],"wp:attachment":[{"href":"https:\/\/wallacefountains.org\/fr\/wp-json\/wp\/v2\/media?parent=1248"}],"curies":[{"name":"wp","href":"https:\/\/api.w.org\/{rel}","templated":true}]}}